{"id":25,"date":"2021-04-05T23:49:22","date_gmt":"2021-04-05T21:49:22","guid":{"rendered":"http:\/\/palamb.de\/?page_id=25"},"modified":"2021-04-13T22:10:13","modified_gmt":"2021-04-13T20:10:13","slug":"axolotl","status":"publish","type":"page","link":"http:\/\/palamb.de\/startseite\/axolotl\/","title":{"rendered":"Axolotl"},"content":{"rendered":"\n<p class=\"has-large-font-size\">Ambystoma mexicanum<\/p>\n\n\n<div><strong>Herkunft:&nbsp;<\/strong><strong>Xochimilco<\/strong>&nbsp;<strong>See&nbsp;<\/strong>(Mexiko) vor und stehen dort unter Naturschutz.<\/div>\n<div>Vorkommen:<\/div>\n<div>1998: \u2248 6000 Axolotl\/Quadratkilometer<\/div>\n<div>2003 \u2248 1000 Axolotl\/Quadratkilometer<\/div>\n<div>2008 \u2248 100 Axolotl\/Quadratkilometer 2014: wurden 2 Tiere entdeckt<\/div>\n<div>&nbsp;<\/div>\n<div>Der Name Axolotl wird aus dem aztekischen Sprache Nahuatl abgeleitet:<\/div>\n<div>Atl (Wasser) + Xolotl (Aztekengott) = \u201eWassermonster\u201c oder auch \u201elaufender Fisch\u201c<\/div>\n<div>Axolotl galten bei den mittelamerikanischen Ureinwohnern als&nbsp;<strong>heiliges Tier&nbsp;<\/strong>aber ebenso als&nbsp;<strong>Delikatesse<\/strong>.<\/div>\n<div>&nbsp;<\/div>\n<div>Axolotl werden nie richtig \u201eerwachsen\u201c. Sie bleiben ein Leben lang in einem kiemenatmenden Larvenstadium (Neotonie).<\/div>\n<div>Trotz dieses Larvenstadiums erreichen sie die Geschlechtsreife mit ca. einem Jahr.<\/div>\n<div>Durch einen angeborenen Schilddr\u00fcsendefekt kann das&nbsp;f\u00fcr Metamorphose notwendige Hormone nicht ausgesch\u00fcttet werden<\/div>\n<div>Evolution\u00e4r betrachtet lassen sich Axolotl mit dem Grottenolm vergleichen. Die&nbsp;Heimatgew\u00e4sser der Axolotl trocknen auch nicht aus, sowas hier keine Notwendigkeit besteht &#8222;an Land zu gehen&#8220;.<\/div>\n<div>&nbsp;<\/div>\n<div>Anfang September 2010 sind meine ersten 3 Axolotl&nbsp;<strong>Jacky, Gin und Jones&nbsp;<\/strong>bei mir eingezogen.<\/div>\n<div>Seitdem sind diese kleinen Unterwassermonster zu meinen absoluten Lieblingstieren mutiert.<\/div>\n<div>Im Juli 2011 kam dann Scotch dazu und mit ihm mein zweites Becken. Ein drittes folgte, weitere kamen Ende 2012 mit dem Umzug in ein eigenes Haus dazu.<\/div>\n<div>Aktuell leben bei mir \u00fcber 20 Axolotl verteilt auf mehrere Becken.<\/div>\n<div id=\"cc-m-header-5601814061\">Mein Bestand wurde 04 2012, 03 2013, 01 2014,04 2014 und 01 2015 negativ auf Batrachochytrium dendrobatidis getestet.<\/div>\n<div><strong><a href=\"http:\/\/steffi.palamb.de\/Befund-April.pdf\" target=\"_blank\" rel=\"noopener\">Befund<\/a><\/strong>&nbsp;(April 2014)<\/div>\n<div><a href=\"http:\/\/steffi.palamb.de\/Befund-januar.pdf\" target=\"_blank\" rel=\"noopener\">Befund<\/a>&nbsp;(Januar 2014)<\/div>\n<div><strong><a href=\"http:\/\/steffi.palamb.de\/Befund_Maerz_2013.pdf\" target=\"_blank\" rel=\"noopener\">Befund<\/a><\/strong>&nbsp;(M\u00e4rz 2013)<\/div>\n<div><a href=\"http:\/\/steffi.palamb.de\/Befund.jpg\" target=\"_blank\" rel=\"noopener\">Befund<\/a>&nbsp;(April 2012 Sammelproben, stellvertretend ein Tiername)<\/div>\n<div>&nbsp;<\/div>\n<div>&nbsp;<\/div>\n<div>Infos zu dem Test finden sich hier:&nbsp;<strong><a href=\"http:\/\/aqua-steffi.jimdo.com\/wichtige-infos\/\">Chytrid-Pilz<\/a>&nbsp;<\/strong><\/div>\n<div>&nbsp;<\/div>\n<div>Diesen Test werde ich regelm\u00e4\u00dfig wiederholen. Bitte lest euch die Informationen dazu genau durch.<\/div>\n<div>Meine neuen Tiere die ich nach diesem Datum angeschafft habe stammen nur aus getesteten Best\u00e4nden.<\/div>\n<div>&nbsp;<\/div>\n<div>Jacky hat Ende Februar 2011 die ersten Eier gelegt und eiert seitdem zu jeder Jahreszeit.<\/div>\n<div>Dabei wurden 9 Mini Flusen erfolgreich aufgezogen. Bruno und Uno sind danach bei uns geblieben, die anderen 7 haben ein sch\u00f6nes neues Zuhause gefunden.<\/div>\n<div>&nbsp;<\/div>\n<div>Seitdem ziehe ich regelm\u00e4\u00dfig einige Jungtiere auf.<\/div>\n<div>Hier ein kleiner Bericht wie ich das mache:<\/div>\n<div><strong><a href=\"http:\/\/aqua-steffi.jimdo.com\/aufzucht\/wie-aufziehen\/\">Wie ziehe ich auf?<\/a><\/strong><\/div>","protected":false},"excerpt":{"rendered":"<p>Ambystoma mexicanum Herkunft:&nbsp;Xochimilco&nbsp;See&nbsp;(Mexiko) vor und stehen dort unter Naturschutz. Vorkommen: 1998: \u2248 6000 Axolotl\/Quadratkilometer 2003 \u2248 1000 Axolotl\/Quadratkilometer 2008 \u2248 100 Axolotl\/Quadratkilometer 2014: wurden 2 Tiere entdeckt &nbsp; Der Name Axolotl wird aus dem aztekischen Sprache Nahuatl abgeleitet: Atl (Wasser) + Xolotl (Aztekengott) = \u201eWassermonster\u201c oder auch \u201elaufender Fisch\u201c Axolotl galten bei den mittelamerikanischen Ureinwohnern [&hellip;]<\/p>\n","protected":false},"author":1,"featured_media":0,"parent":0,"menu_order":0,"comment_status":"closed","ping_status":"closed","template":"page-templates\/no-sidebar.php","meta":{"footnotes":""},"class_list":["post-25","page","type-page","status-publish","hentry"],"_links":{"self":[{"href":"http:\/\/palamb.de\/startseite\/wp-json\/wp\/v2\/pages\/25","targetHints":{"allow":["GET"]}}],"collection":[{"href":"http:\/\/palamb.de\/startseite\/wp-json\/wp\/v2\/pages"}],"about":[{"href":"http:\/\/palamb.de\/startseite\/wp-json\/wp\/v2\/types\/page"}],"author":[{"embeddable":true,"href":"http:\/\/palamb.de\/startseite\/wp-json\/wp\/v2\/users\/1"}],"replies":[{"embeddable":true,"href":"http:\/\/palamb.de\/startseite\/wp-json\/wp\/v2\/comments?post=25"}],"version-history":[{"count":3,"href":"http:\/\/palamb.de\/startseite\/wp-json\/wp\/v2\/pages\/25\/revisions"}],"predecessor-version":[{"id":52,"href":"http:\/\/palamb.de\/startseite\/wp-json\/wp\/v2\/pages\/25\/revisions\/52"}],"wp:attachment":[{"href":"http:\/\/palamb.de\/startseite\/wp-json\/wp\/v2\/media?parent=25"}],"curies":[{"name":"wp","href":"https:\/\/api.w.org\/{rel}","templated":true}]}}