{"id":28,"date":"2021-04-05T23:54:12","date_gmt":"2021-04-05T21:54:12","guid":{"rendered":"http:\/\/palamb.de\/?page_id=28"},"modified":"2021-04-13T22:10:32","modified_gmt":"2021-04-13T20:10:32","slug":"axolotl-haltung","status":"publish","type":"page","link":"http:\/\/palamb.de\/startseite\/axolotl\/axolotl-haltung\/","title":{"rendered":"Haltung"},"content":{"rendered":"<div><strong>Ein Wort vorab zur Anschaffung:<\/strong><\/div>\n<div>Gute Hobbyz\u00fcchter geben ihre Tiere&nbsp;<strong>nicht unter 10cm&nbsp;<\/strong>ab und ziehen auch&nbsp;<strong>nur \u00fcberschaubare Mengen gro\u00df<\/strong>, der Bestand wird dort auch regelm\u00e4\u00dfig auf&nbsp;<strong><a href=\"http:\/\/aqua-steffi.jimdo.com\/wichtige-infos\/\">BD<\/a>&nbsp;getestet<\/strong>.<\/div>\n<div>Bei mehr als 25 Abgabetieren w\u00e4re ich schon skeptisch (und das ist schon recht viel).<\/div>\n<div>Die meisten ziehen nur 5-15 Tiere gro\u00df um den Tieren auch wirklich gerecht zu werden.<\/div>\n<div>&nbsp;<\/div>\n<div>\n<div>Ich schreibe sehr lange mit jedem Interessenten&nbsp;oder berate hier vor Ort.&nbsp;<\/div>\n<div>Stimmt ein Haltungsparameter nicht und wird auch nicht behoben, gebe ich dort auch keine Tiere hin.<\/div>\n<div>Dies&nbsp;kann ich mir &#8222;erlauben&#8220;&nbsp;, weil ich nicht Abgeben muss. Ich ziehe nie mehr Tiere auf als ich auch behalten k\u00f6nnte und gebe diese dann auch nur an Leute, bei denen ich ein gutes Gef\u00fchl habe.<\/div>\n<div>Dadurch muss ich auch keine Tiere verramschen.&nbsp;<\/div>\n<div>&nbsp;<\/div>\n<\/div>\n<div><strong>Vor der Anschaffung:<\/strong><\/div>\n<div>Richtig Informieren ist nat\u00fcrlich das A und O. Vorallem was das Thema K\u00fchlung betrifft.<\/div>\n<div>Man sollte sich dar\u00fcber bewusst sein das diese Tiere 20 Jahre alt werden k\u00f6nnen.<\/div>\n<div>Wenn ein Tier mal krank wird kommen schnell mal 100\u20ac durch notwendige Abstriche und die Behandlung zusammen. F\u00fcr solche F\u00e4lle sollte man (ansich bei jedem Tier) immer etwas Geld zur\u00fccklegen.<\/div>\n<div>Vor der Anschaffung sollte sich bereits nach einem geeigneten Tierarzt umgesehen werden.<\/div>\n<div>Eine Liste mit ggf. geeigneten Tier\u00e4rzten findet sich hier:<\/div>\n<div><a href=\"http:\/\/www.agark.de\/mitgliederverzeichnis\/mitgliederverzeichnis.html\">http:\/\/www.agark.de\/mitgliederverzeichnis\/mitgliederverzeichnis.html<\/a><\/div>\n<div>&nbsp;<\/div>\n<div><strong>Woher:<\/strong><\/div>\n<div>Von einem Kauf in Zoohandlungen rate ich ab.<\/div>\n<div>Die Tiere stammen einmal in der Regel aus Massenzuchten und die meisten Zoohandlungen haben leider keine Ahnung von den Tieren und halten diese deshalb nicht richtig (z.B. zu warm, Wasseraufbereiter, Farbkies,&#8230;).<\/div>\n<div>&nbsp;<\/div>\n<div>Besser ist es sich an einen Hobbyz\u00fcchter zu wenden.<\/div>\n<div>Seri\u00f6se Z\u00fcchter die nicht nur auf Vermehrung aus sind erkundigen sich da auch \u00fcber die zukunftige Haltung und geben die Tiere nicht ohne irgendwelche Informationen dazu weiter. Ich stehe den neuen Zieheltern z.B. auch Jahren nach der Anschaffung noch bei Fragen zur Verf\u00fcgung.<\/div>\n<div>Ein regelm\u00e4\u00dfiger Test auf&nbsp;<a href=\"http:\/\/aqua-steffi.jimdo.com\/wichtige-infos\/\">BD<\/a>&nbsp;ist dabei auch Pflicht f\u00fcr mich.<\/div>\n<div>Die Tiere sollten mindestens 10cm gro\u00df sein.<\/div>\n<div>&nbsp;<\/div>\n<div><strong>Gr\u00f6\u00dfenunterschied:<\/strong><\/div>\n<div>Der Unterschied sollte nicht mehr als 25% betragen, ansonsten kann es passieren das das kleinere Tier als Snack&nbsp;endet.<\/div>\n<div>Ist ein Tier sehr zierlich und das andere eher wuchtig sollte der Unterschied noch kleiner sein.<\/div>\n<div>Auch wenn es bei einigen Jahrelang gut ging, im n\u00e4chsten Moment kann es dann doch zu sp\u00e4t sein. Es sind nun mal Tiere und diese schnappen instinktiv.<\/div>\n<div>Meine Jungtiere kommen fr\u00fchestens mit 18cm zu adulten Tieren.<\/div>\n<div>Dazu kann ich euch auch die Bilder auf dieser Seite ans Herz legen:<\/div>\n<div><a href=\"http:\/\/www.caudata.org\/cc\/articles\/Mixing_disasters.shtml\" target=\"_blank\" rel=\"noopener\">caudato.org<\/a><\/div>\n<div>Dort sieht man sehr deutlich was ein kleines Axolotl alles in sein Maul bekommt.<\/div>\n<div>&nbsp;<\/div>\n<div><strong>Wenn die Tiere da sind: Quarant\u00e4ne:<\/strong><\/div>\n<div>Nachdem die Tiere abgeholt wurde sollte Quarant\u00e4ne eingehalten werden (auch wenn es die ersten Tiere sind und sie alle von einem Z\u00fcchter stammen), ich empfehle&nbsp;<strong>mindestens 4 Wochen<\/strong>.<\/div>\n<div>Wurden die Tiere per Tierversand weitergegeben eher l\u00e4nger.<\/div>\n<div>Daf\u00fcr eignen sich z.B. die mittleren Stappelboxen oder gr\u00f6\u00dfere (auch hier t\u00e4gliche Reinigung + Wasserwechsel).<\/div>\n<div>Wenn das Becken erst kurz vor \u00dcbernahme der Axolotl in Betrieb genommen wurde l\u00e4sst sich das auch gut mit der Einlaufzeit verbinden &#8211;&nbsp;in der Zeit d\u00fcrfen die Tiere ja auf keinen Fall schon ins Becken.<\/div>\n<div>Ich wei\u00df, es ist schwer die Kleinen erstmal in einer Box zu lassen wenn da ein tolles Becken steht, aber es sprechen einige Gr\u00fcnde daf\u00fcr:<\/div>\n<div>&nbsp;<\/div>\n<div>1. Beim einem Umzug \u00e4ndern sich in der Regel die Wasserwerte. Das bedeutet erstmal Stress f\u00fcr die Tiere. In einem eingefahrenen Becken befinden sich einige Bakterien\/h\u00f6here Keimdichte, das ist zwar nicht sch\u00e4dlich f\u00fcr die Tiere. Die Kombi neues Wasser + erste Mal Aquarium stresst die Tiere aber unn\u00f6tig.<\/div>\n<div>Wenn die Quar\u00e4nte um ist kann man die Boxen noch ein paar Tage lassen und dann jeden Tag mehr Aquarienwasser statt frischen Leitungswasser in die Box machen &#8211; damit sind sie optimal auf alles Neue eingestellt.<\/div>\n<div>&nbsp;<\/div>\n<div>2. Trotz guter Aufzucht und keinen Problemen bei mir kann es immer mal wieder zu kleinen Zimperleien kommen. Es kam auch vorkommen, dass Tiere auf dem Transport eine leichte Infektion bekommen oder sogar krank werden (steckt man manchmal nicht drin), manche bekommen auch einen leichten Belag oder Kiemenpilz.<\/div>\n<div>Bis eine Krankheit ausbricht kann auch etwas dauern.&nbsp;Im Becken ist auch erstmal alles neu, viele Tiere verstecken sich deshalb erstmal in den Pflanzen oder angebotenen Unterschl\u00fcpfen. Meine ersten Tiere waren damals erstmal total Perplex (So viel Wasser \u00fcber mir???, so viel Platz, Pflanzen???, Bodengrund???, soviele Verstecke???, Beleuchtung???, ein Filter der Bewegung macht???&#8230; HILFE!!!).<\/div>\n<div>Eine genaue Beobachtung von Verhalten und Aussehen ist deshalb nicht m\u00f6glich. Ob wirklich alles ok ist sieht man deshalb besser in einer Box.<\/div>\n<div>&nbsp;<\/div>\n<div>3. Ein Vorteil von der Boxenhaltung ist auch, dass man schnell das Verhalten seiner Tiere kennenlernt und dadurch sp\u00e4ter auch schneller merkt wenn mal etwas nicht 100% in Ordnung ist. Ich setze meine Jungtiere auch erst ins Becken wenn sie ihre Pellets alle selbst vom Boden suchen. Das war bei meinen bisher meistens mit 12cm der Fall und f\u00e4llt damit gut in die Quarant\u00e4nezeit.<\/div>\n<div>&nbsp;<\/div>\n<div>4. Falls ein Tier schlimmer krank ist (z.B. wenn man ein Tier \u00fcbernimmt was nicht auf BD getestet wurde &#8211; kann ich keinem empfehlen) erspart man sich ein aufwendiges Neueinrichten und Desinfizieren vom Becken und behandelt das Tier in der Box.<\/div>\n\n\n<h2 class=\"wp-block-heading\">Haltung<\/h2>\n\n\n<div><strong>Becken:<\/strong><\/div>\n<div>F\u00fcr Axolotl ben\u00f6tigt man mindestens eine Grundfl\u00e4che von 80\/35 &#8211; die H\u00f6he spielt dabei eine untergeordnete Rolle. F\u00fcr Neuanschaffungen habe ich bei Fressnapf recht gute Erfahrungen gemacht. Bevor man daf\u00fcr viel Geld ausgibt w\u00fcrde ich aber erstmal ein Gesuch aufgeben und z.B. Ebay-Kleinanzeigen regelm\u00e4\u00dfig st\u00f6bern. Da kann man doch \u00f6fters ein tolles Schn\u00e4ppchen schie\u00dfen.<\/div>\n<div>&nbsp;<\/div>\n<div><strong>Standort:<\/strong><\/div>\n<div>Axolotl m\u00fcssen eher k\u00fchl gehalten werden (10-22 Grad), bei h\u00f6heren Temperaturen muss runter gek\u00fchlt werden da es sonst zu Erkrankungen kommen kann.<br>Dies sollte schon bei der Standortwahl ber\u00fccksichtigt werden. Ein Raum der sich im Sommer sehr aufw\u00e4rmt sollte deshalb vermieden werden. Eine direkte Sonneneinstrahlung \u00fcber Fenster sollte auch vermieden werden. Falls man die M\u00f6glichkeit hat im Keller etwas aufzustellen empfiehlt es sich dort ein Pl\u00e4tzchen freizuhalten um die Tiere notfalls im Sommer dort unterzubringen.<\/div>\n<div>&nbsp;<\/div>\n<div><strong>Bodengrund:<\/strong><br>Axolotl schlucken bei der Nahrungsaufnahme \u00f6fters mal den Bodengrund mit. Deshalb ist es wichtig auf daf\u00fcr geeignete Materialien zu achten:<br>Der Bodengrund sollte fein und nicht scharfkantig sein. Von Farbkies kann ich nur abraten da man da nie wei\u00df was damit im Magen von den Tieren passiert (die Folgesch\u00e4den sieht man leider oft erst nach Jahren, wenn es bereits zu sp\u00e4t ist).<br>Besonders geeignet ist spezieller Caviarkies, der speziell f\u00fcr Axolotl entwickelte Caviar nennt sich&nbsp;<a href=\"http:\/\/www.aquaterratec.de\/Alles-fuer-Axolotl\/Axolotl-Spezialbodengrund:::225_268.html\" target=\"_blank\" rel=\"noopener\">Axogravel<\/a>.<\/div>\n<div>Desweiteren ist auch keiner Naturkies geeignet. Bei Sand kann man schnell Probleme mit Gammelstellen bekommen. Ich verwende ihn deshalb nicht mehr (wir hatte da trotz regelm\u00e4\u00dfigem Umgraben ein krankes Tier).<br>Wer keinen Bodengrund mag kann ihn auch ganz weglassen oder einen Bodenmattenfilter verwenden. Die Axolotl brauchen ihn nicht unbedingt.<\/div>\n<div>Wieso man auf feinen Bodengrund achten sollte sieht man sehr deutlich auf diesem Bild:<\/div>\n<div><a href=\"http:\/\/www.caudata.org\/cc\/images\/articles\/illness\/axie_stone1.jpg\" target=\"_blank\" rel=\"noopener\">http:\/\/www.caudata.org\/cc\/images\/articles\/illness\/axie_stone1.jpg<\/a><\/div>\n<div>&nbsp;<\/div>\n<div><strong>Deko:<\/strong><br>man sollte den Tieren gen\u00fcgend Verstecke anbieten. Der Fantasie sind dabei keine Grenzen gesetzt. Die Gegenst\u00e4nde d\u00fcrfen auf keinen Fall scharfkantig sein.<br>Ich benutze haupts\u00e4chlich Tongegenst\u00e4nde die man g\u00fcnstig im Baumarkt oder verschiedenen gemischten L\u00e4den wie z.B. Thomas Phillips oder Fundgrube bekommt.&nbsp;<br>Echte Wurzeln sollte man vermeiden und stattdessen wenn welche k\u00fcnstliche verwenden. Es ist nicht 100% erwiesen, im Zusammenhang mit Wurzeln sind aber sehr viele Krankheitsf\u00e4lle aufgetreten die nach Entfernung der Wurzeln nicht mehr aufgetreten sind-also wieso ein Risiko eingehen?<br>An Steinen verwende ich Lochgestein, dabei und bei allen anderen Steinen muss man darauf achten das keine Mineralischen Einschl\u00fcsse oder \u00e4hnliches vorhanden sind.<\/div>\n<div>&nbsp;<\/div>\n<div><strong>Futter:<\/strong><\/div>\n<ul>\n<li><a href=\"http:\/\/www.aquaterratec.de\/Alles-fuer-Axolotl\/Axolotlfutter:::225_269.html\" target=\"_blank\" rel=\"noopener\">Spezial-Pellets<\/a>&nbsp;(ich verwende ausschlie\u00dflich die Produkte von Aquaterratec)<\/li>\n<li>Guppys, Kardinalsfisch<\/li>\n<li>Regenw\u00fcrmer (z.B. bei&nbsp;<a href=\"http:\/\/superwurm.de\/\" target=\"_blank\" rel=\"noopener\">Superwurm<\/a>&nbsp;oder&nbsp;<a href=\"http:\/\/www.riesenwurm.de\/Preise-Angelwuermer.html\" target=\"_blank\" rel=\"noopener\">Riesenwurm<\/a>)<\/li>\n<li>Schnecken<\/li>\n<li>Garnelen<\/li>\n<\/ul>\n<div>&nbsp;<\/div>\n<div><strong>Sonstiges:<\/strong><\/div>\n<div>Was man auch noch anschaffen sollte:<\/div>\n<ul>\n<li>\n<div>Kescher<\/div>\n<\/li>\n<li>\n<div>Futter- bzw. Pflanzenzange<\/div>\n<\/li>\n<li>\n<div>Thermometer<\/div>\n<\/li>\n<li>\n<div>Wasser-Testset (genauer als St\u00e4bchentests)<\/div>\n<\/li>\n<li>\n<div>Mulmsauger<\/div>\n<\/li>\n<li>\n<div>Schlauch f\u00fcr Wasserwechsel<\/div>\n<\/li>\n<li>\n<div>Sp\u00fclmaschinensalz (f\u00fcr ggf. Salzbad im Falle einer Wunde oder Belags)<\/div>\n<\/li>\n<\/ul>\n<div><strong>Wie viele Axolotl f\u00fcr welches Becken?&nbsp;<\/strong><br>80\/35: 2 Tiere<br>80\/40: 3 Tiere<br>100\/40: 4 Tiere<br>100\/50: 5 Tiere<br>120\/40: 5 Tiere<\/div>\n<div>Dies ist nur eine Empfehlung aus der Praxis f\u00fcr Tiere bis 25cm, falls man ein besonders gro\u00dfes Tier besitzt sollte man ggf. weniger Tiere einsetzen. Je gr\u00f6\u00dfer das Becken desto besser.<\/div>\n<div>&nbsp;<\/div>\n<div><strong>K\u00fchlung:<\/strong><\/div>\n<div>Meine Axolotl halte ich ohne Heizung bei Zimmertemperatur,dabei achte ich darauf, dass das Becken nicht w\u00e4rmer als maximal 21 Grad wird. H\u00f6here Temperaturen (sollte kurzfristig nie \u00fcber 24 Grad gehen!!!) sind auf Dauer sch\u00e4dlich f\u00fcr die Kleinen und macht sie krankheitsanf\u00e4llig.<\/div>\n<div>Sobald das Thermometer an den 21 Grad kratzt werden K\u00fchlma\u00dfnahmen ergriffen. Dies ist wichtig, weil die nat\u00fcrliche Keimabwehr die die Axoltol in der Haut (Peptide) tragen bei \u00fcber 20 Grad nicht mehr richtig funktioniert bzw. gar nicht mehr funktioniert.<\/div>\n<div>In Frage kommen dazu:<\/div>\n<div>\n<ul>\n<li>Wasserwechsel mit kaltem Wasser<\/li>\n<li>tiefgefrorene PET-Flaschen<\/li>\n<li><a href=\"http:\/\/www.aquaterratec.de\/Alles-fuer-Axolotl\/Aquarienkuehlung\/Kuehlluefter:::225_271_379.html\" target=\"_blank\" rel=\"noopener\">K\u00fchll\u00fcfter<\/a><\/li>\n<li><a href=\"http:\/\/www.aquaterratec.de\/Kuehlaggregate:::272.html\" target=\"_blank\" rel=\"noopener\">Durchlaufk\u00fchler<\/a><\/li>\n<\/ul>\n<\/div>\n<div>Wenn die Temperaturen in der Wohnung nicht allzu stark ansteigen reichen im Sommer tiefgefrorene mit Wasser bef\u00fcllte PET-Flaschen.<br>Mir ist das zu l\u00e4stig geworden, dadurch bin ich auf K\u00fchll\u00fcfter umgestiegen, geeignete gibt es ab bereits ab ca 30\u20ac.<\/div>\n<div>Wir verwenden im Moment:&nbsp;<a href=\"http:\/\/www.aquaterratec.de\/Aquaristik\/Aquarienkuehlung\/Kuehlluefter\/Starwind\/Starwind-W-8-Hang-ON-Kuehlventilator::863.html\" target=\"_blank\" rel=\"noopener\">Starwind W-8<\/a><\/div>\n<div>Wenn es sehr warm wird sollte man \u00fcber ein K\u00fchlaggregat nachdenken, diese sind zwar teuer in den Fall aber notwendig (oder die Tiere im Sommer im Keller unterbringen).<br>Ist im Vorfeld klar das es sehr warm werden wird und man nicht das Geld f\u00fcr eine solche Anschaffung und auch keine M\u00f6glichkeit hat die Tiere notfalls im k\u00fchlen Keller unterzubringen sollte man den Tieren zuliebe von einer Anschaffung absehen.<\/div>\n<div>&nbsp;<\/div>\n<div><strong>Pflanzen:<\/strong><\/div>\n<div>geeignet ist eigentlich alles was kaum Licht braucht und mit k\u00fchleren Temperaturen auskommt.<br>Ich habe die besten Erfahrungen mit Anubia, Javafarn und Valisneria gemacht.<br>Wasserlinsen gehen auch gut-k\u00f6nnen aber schnell zu einer nervigen Plage werden.<br>Eine tolle (und g\u00fcnstige) Alternative sind Einblatt (einpflanzen) und Ableger von Efeutute (oder einen Topf so platzieren das die Triebe in das Becken reinranken k\u00f6nnen) &#8211; diese kann man einfach ins Becken reinwerfen und treiben lassen . Diese gibt es in fast jedem Gartengesch\u00e4ft oder Baumarkt (ordentlich abwaschen und Erde entfernen nicht vergessen).<\/div>\n<div>&nbsp;<\/div>\n<div><strong>Was geh\u00f6rt nicht ins Becken:<\/strong><\/div>\n<div>Axolotl vertragen keine Wasserzus\u00e4tze in jeglicher Art, die meisten Zoofachverk\u00e4ufer kennen sich nicht richtig mit den Tieren aus und wollen sowas dann gerne noch mit verkaufen.<\/div>\n<div>Von echten Holzwurzeln sollte man auch absehen, auf diesen bilden sich oft Einzeller die den Axolotln schaden k\u00f6nnen. Dies ist nicht 100% bewiesen, aber es kam oft zu Erkrankungen im Zusammenhang mit echten Holzwurzeln die nach Entfernung der Wurzel nicht mehr aufgetreten. Solche Beobachtungen sind f\u00fcr mich Grund genug auf echte Wurzeln zu verzichten, es gibt da auch sehr h\u00fcbsche Imitate.<\/div>\n<div><strong>Deshalb:<\/strong><\/div>\n<div><strong>KEIN Wasseraufbereiter<\/strong><\/div>\n<div><strong>KEIN D\u00fcnger<\/strong><\/div>\n<div><strong>KEINE Starterbaktieren<\/strong><\/div>\n<div><strong>KEINE echten Holzwurzeln<\/strong><\/div>\n<div>&nbsp;<\/div>\n<div><strong>Weitere Beckenbewohner:<\/strong><\/div>\n<div>Axolotl sollte man nur mit geeigneten Futtertieren vergesellschaften:<br>Garnelen, Posthorn- und Blasenschnecken (fressen auch gerne Futterreste), Apfelschnecken (gro\u00df genug anschaffen-dann werden sie nicht gefressen).<br>Andere Beckenbewohner sind ungeeignet.<\/div>\n<div>Wer Futterfische in das Becken einsetzen m\u00f6chte sollte darauf achten, dass die Fische nicht unter der Temperatur leiden, den Axos nicht die Kiemen\u00e4ste anknabbern und keine Verletzungen beim Schlucken verursachen k\u00f6nnen (wie z.B. durch einen Panzerwels oder noch schlimmer Stichling). Welse k\u00f6nnen Axolotln z.B. sehr schlimme Hautverletzungen zu f\u00fcgen!<\/div>\n<div>Aufgrund der schnellen Vermehrung eignen sich Guppys meiner Meinung nach aber am Besten.<\/div>\n<div>Ein weiterer&nbsp;geeigneter Fisch w\u00e4re z.B. noch ein Kardinalfisch oder auch&nbsp;Zebrab\u00e4rbling.<\/div>\n<div>Muscheln geh\u00f6ren nicht in ein Axolotl Becken. Je nach Art k\u00f6nnen die sich recht weit \u00f6ffnen. Wird die Muschel dann gest\u00f6rt schnappt sie schnell wieder zu, dabei kann schnell mal eine Verletzung entstehen.<\/div>\n<div>Au\u00dferdem brauchen Muscheln am Besten Str\u00f6mung und eher siffiges Wasser, in einem Axolotl Becken verhungern sie deshalb schnell.<\/div>\n<div>&nbsp;<\/div>\n<div><strong>Wichtig: keine Vergesellschaftung mit Andersonis<\/strong><\/div>","protected":false},"excerpt":{"rendered":"<p>Ein Wort vorab zur Anschaffung: Gute Hobbyz\u00fcchter geben ihre Tiere&nbsp;nicht unter 10cm&nbsp;ab und ziehen auch&nbsp;nur \u00fcberschaubare Mengen gro\u00df, der Bestand wird dort auch regelm\u00e4\u00dfig auf&nbsp;BD&nbsp;getestet. Bei mehr als 25 Abgabetieren w\u00e4re ich schon skeptisch (und das ist schon recht viel). Die meisten ziehen nur 5-15 Tiere gro\u00df um den Tieren auch wirklich gerecht zu werden. [&hellip;]<\/p>\n","protected":false},"author":1,"featured_media":0,"parent":25,"menu_order":0,"comment_status":"closed","ping_status":"closed","template":"page-templates\/no-sidebar.php","meta":{"footnotes":""},"class_list":["post-28","page","type-page","status-publish","hentry"],"_links":{"self":[{"href":"http:\/\/palamb.de\/startseite\/wp-json\/wp\/v2\/pages\/28","targetHints":{"allow":["GET"]}}],"collection":[{"href":"http:\/\/palamb.de\/startseite\/wp-json\/wp\/v2\/pages"}],"about":[{"href":"http:\/\/palamb.de\/startseite\/wp-json\/wp\/v2\/types\/page"}],"author":[{"embeddable":true,"href":"http:\/\/palamb.de\/startseite\/wp-json\/wp\/v2\/users\/1"}],"replies":[{"embeddable":true,"href":"http:\/\/palamb.de\/startseite\/wp-json\/wp\/v2\/comments?post=28"}],"version-history":[{"count":6,"href":"http:\/\/palamb.de\/startseite\/wp-json\/wp\/v2\/pages\/28\/revisions"}],"predecessor-version":[{"id":70,"href":"http:\/\/palamb.de\/startseite\/wp-json\/wp\/v2\/pages\/28\/revisions\/70"}],"up":[{"embeddable":true,"href":"http:\/\/palamb.de\/startseite\/wp-json\/wp\/v2\/pages\/25"}],"wp:attachment":[{"href":"http:\/\/palamb.de\/startseite\/wp-json\/wp\/v2\/media?parent=28"}],"curies":[{"name":"wp","href":"https:\/\/api.w.org\/{rel}","templated":true}]}}