{"id":60,"date":"2021-04-10T23:19:09","date_gmt":"2021-04-10T21:19:09","guid":{"rendered":"http:\/\/palamb.de\/?page_id=60"},"modified":"2021-04-13T22:08:35","modified_gmt":"2021-04-13T20:08:35","slug":"aufzucht","status":"publish","type":"page","link":"http:\/\/palamb.de\/startseite\/axolotl\/aufzucht\/","title":{"rendered":"Aufzucht"},"content":{"rendered":"<div class=\"ce_text first block\">\n<h3>Hilfestellung Aufzucht<\/h3>\n<p>Mein Ziel von dieser Zusammenstellung ist es, Leuten die eine kleine Aufzucht starten wollen eine entsprechende Hilfestellung zu geben, damit wirklich nichts schief geht. Das Hauptziel ist es aber, vor zu gro\u00dfen Aufzuchten zu bewahren.<\/p>\n<p>Bei der Liste gehe ich von einer Aufzucht von 3-5 Tieren aus, die sich kaum verbei\u00dfen (3 Boxen), bei Tieren die sehr ruppig sind kann es schnell auch zu einer Box pro Tier werden.<\/p>\n<p>Ich ziehe meine Tieren in Boxen mit t\u00e4glichem Wasserwechsel auf. Von einer Aufzucht in kleinen Aquarien rate ich ab, da das Immunsystem bis 10cm noch nicht voll ausgepr\u00e4gt ist und sich u.a. kleine Becken nicht gut genug reinigen lassen (Bel\u00e4ge\/Futterreste) und da dann schnell mal ein Tier kippen kann.<\/p>\n<p>*)<\/p>\n<p>Man sollte die Flusen m\u00f6glichst unter 20 Grad aufziehen, h\u00f6here Temperaturen schaden den Tieren sehr schnell.<\/p>\n<p>Zieht man die T\u00edere k\u00fchler auf (meine letzten habe ich bei 18 Grad aufgezogen) dauert die Aufzucht meist etwas l\u00e4nger, die Tiere sind dann aber stabiler.<\/p>\n<p>Normal dauert eine Aufzucht 3-5 Monate, in der Zeit muss t\u00e4glich gef\u00fcttert werden + Wasserwechsel und Boxenschrubben. Jenachdem wie ruppig die Tiere sind (also mehr Boxen) wird das schnell 1h pro Tag.<br \/>\nMan sollte sich deshalb vorher gut \u00fcberlegen ob man auch die Zeit dazu hat. Plant man einen Urlaub oder wei\u00df das man l\u00e4nger nicht zu Hause sein wird sollte man von einer Aufzucht absehen.<\/p>\n<\/div>\n<div class=\"rs-columns ce_rs_columns_start\">\n<div class=\"rs-column -large-col-12-4 -large-first -large-first-row -medium-col-12-4 -medium-first -medium-first-row -small-col-12-4 -small-first -small-first-row\">\n<div class=\"ce_text block\">\n<h4>Was<\/h4>\n<div id=\"cc-m-5896167261\">\n<p id=\"cc-m-header-5896167261\">2 x &#8222;Ufo&#8220; z.B. Artemia Aufzuchtschale von Hobby<\/p>\n<\/div>\n<div id=\"cc-m-5896166361\">\n<p>Artemiaeier mit hoher Schlupfrate (95%)<\/p>\n<p>feines Sp\u00fclmaschinen Salz ohne Zusatz<\/p>\n<p>gefrorene rote M\u00fcckenlarven als einzelne Blister<\/p>\n<p>feines Sieb f\u00fcr die Flusen umzusetzen oder Futter auszuwaschen<\/p>\n<p>verschiedene Premium-Pellets<\/p>\n<p>saubere Schw\u00e4mme zur Reinigung<\/p>\n<p>Stapelboxen (lebensmittelecht)<\/p>\n<\/div>\n<\/div>\n<\/div>\n<div class=\"rs-column -large-col-12-4 -large-first-row -medium-col-12-4 -medium-first-row -small-col-12-4 -small-first-row\">\n<div class=\"ce_text block\">\n<h4>Wo<\/h4>\n<div id=\"cc-m-5896167661\" class=\"j-module n j-header \">\n<p id=\"cc-m-header-5896167661\">In jedem gr\u00f6\u00dferen Zoofachgesch\u00e4ft oder online<\/p>\n<\/div>\n<div id=\"cc-m-5896167761\" class=\"j-module n j-text \">\n<p>hier sollte man keine Eier aus dem Zoofachgesch\u00e4ft nehmen da diese selten gekauft werden und oft \u00fcberlagert sind. &nbsp;Ich empfehle:&nbsp;<a href=\"http:\/\/www.aquaterratec.de\/product_info.php?products_id=299\" target=\"_blank\" rel=\"noopener\">Premiumqualit\u00e4t Schraubdose ca. 10ml<\/a><\/p>\n<p>in jedem Supermarkt, Drogeriemarkt, etc.<\/p>\n<p>Zoofachgesch\u00e4ft, Achtung: die K\u00fchlkette darf nicht unterbrochen werden, hat das Futter &#8222;Schnee&#8220; auf einer Seite sollte man es nicht verwenden<\/p>\n<p>Supermarkt<\/p>\n<p><a href=\"http:\/\/www.aquaterratec.de\/product_info.php?products_id=568\" target=\"_blank\" rel=\"noopener\">Axobalance Aufzucht &#8211; Mischgranulat 250ml 0,5-1,2mm<\/a><\/p>\n<p><a href=\"http:\/\/www.aquaterratec.de\/product_info.php?products_id=284\" target=\"_blank\" rel=\"noopener\">Axolotlpellets AXOBALANCE, 1,5-2 mm, 250ml&nbsp;<\/a><\/p>\n<p><a href=\"http:\/\/www.aquaterratec.de\/product_info.php?products_id=1256\" target=\"_blank\" rel=\"noopener\">Axolotlpellets AXOBALANCE, 3mm, 125ml<\/a><\/p>\n<p>Supermarkt<\/p>\n<p>z.B. Ikea:&nbsp;<a href=\"http:\/\/www.ikea.com\/de\/de\/catalog\/products\/70102972\/\" target=\"_blank\" rel=\"noopener\">Samla klein<\/a><\/p>\n<p><a href=\"http:\/\/www.ikea.com\/de\/de\/catalog\/products\/70102972\/#\/80102976\" target=\"_blank\" rel=\"noopener\">Samla mittel<\/a><\/p>\n<\/div>\n<\/div>\n<\/div>\n<div class=\"rs-column -large-col-12-4 -large-last -large-first-row -medium-col-12-4 -medium-last -medium-first-row -small-col-12-4 -small-last -small-first-row\">\n<div class=\"ce_text block\">\n<h4>ca Kosten<\/h4>\n<div class=\"cc-m-hgrid-column last\">\n<div id=\"cc-matrix-1314582761\">\n<div id=\"cc-m-5896167461\" class=\"j-module n j-header \">\n<p id=\"cc-m-header-5896167461\">ca 15\u20ac x 2 = 30\u20ac<\/p>\n<\/div>\n<div id=\"cc-m-5896167561\" class=\"j-module n j-text \">\n<p>2,89&nbsp;\u20ac<\/p>\n<p>unter 1\u20ac<\/p>\n<p>ca 1,50\u20ac&nbsp;x ca 5 = 7,50&nbsp;\u20ac<\/p>\n<p>ca 2 \u20ac<\/p>\n<p>ca 7,90 \u20ac<\/p>\n<p>ca 7,90&nbsp;\u20ac<\/p>\n<p>ca 5,49&nbsp;\u20ac<\/p>\n<p>unter 1\u20ac, gesamt ca 5\u20ac<\/p>\n<p>ca 80cent x 3 = 2,40<\/p>\n<p>ca 3\u20ac x 3 = 9\u20ac<\/p>\n<\/div>\n<div id=\"cc-m-5896255561\" class=\"j-module n j-header \">\n<h2 id=\"cc-m-header-5896255561\" class=\"\">Gesamt: ca 81 \u20ac<\/h2>\n<\/div>\n<\/div>\n<\/div>\n<div class=\"cc-m-hgrid-overlay\" data-display=\"cms-only\"><\/div>\n<\/div>\n<\/div>\n<\/div>\n<div class=\"ce_text block\">\n<p>Und wenn ihr die Personen, die ihr schon ganz fr\u00fch nach den Farbschl\u00e4gen fragt besonders lieb habt&#8230;<\/p>\n<p>Dann besorgt ihr euch auch noch eine vern\u00fcnftige Makrolinse f\u00fcrs Handy, soweit ihr keine gute Kamera besitzt (Kosten ca 10\u20ac)<\/p>\n<p>\ud83d\ude09 \ud83d\ude09 \ud83d\ude09<\/p>\n<\/div>\n","protected":false},"excerpt":{"rendered":"<p>Hilfestellung Aufzucht Mein Ziel von dieser Zusammenstellung ist es, Leuten die eine kleine Aufzucht starten wollen eine entsprechende Hilfestellung zu geben, damit wirklich nichts schief geht. Das Hauptziel ist es aber, vor zu gro\u00dfen Aufzuchten zu bewahren. Bei der Liste gehe ich von einer Aufzucht von 3-5 Tieren aus, die sich kaum verbei\u00dfen (3 Boxen), [&hellip;]<\/p>\n","protected":false},"author":1,"featured_media":0,"parent":25,"menu_order":0,"comment_status":"closed","ping_status":"closed","template":"page-templates\/no-sidebar.php","meta":{"footnotes":""},"class_list":["post-60","page","type-page","status-publish","hentry"],"_links":{"self":[{"href":"http:\/\/palamb.de\/startseite\/wp-json\/wp\/v2\/pages\/60","targetHints":{"allow":["GET"]}}],"collection":[{"href":"http:\/\/palamb.de\/startseite\/wp-json\/wp\/v2\/pages"}],"about":[{"href":"http:\/\/palamb.de\/startseite\/wp-json\/wp\/v2\/types\/page"}],"author":[{"embeddable":true,"href":"http:\/\/palamb.de\/startseite\/wp-json\/wp\/v2\/users\/1"}],"replies":[{"embeddable":true,"href":"http:\/\/palamb.de\/startseite\/wp-json\/wp\/v2\/comments?post=60"}],"version-history":[{"count":3,"href":"http:\/\/palamb.de\/startseite\/wp-json\/wp\/v2\/pages\/60\/revisions"}],"predecessor-version":[{"id":69,"href":"http:\/\/palamb.de\/startseite\/wp-json\/wp\/v2\/pages\/60\/revisions\/69"}],"up":[{"embeddable":true,"href":"http:\/\/palamb.de\/startseite\/wp-json\/wp\/v2\/pages\/25"}],"wp:attachment":[{"href":"http:\/\/palamb.de\/startseite\/wp-json\/wp\/v2\/media?parent=60"}],"curies":[{"name":"wp","href":"https:\/\/api.w.org\/{rel}","templated":true}]}}